{"id":37,"date":"2020-10-14T09:41:23","date_gmt":"2020-10-14T09:41:23","guid":{"rendered":"http:\/\/koalition-freieszeneffm.de\/?page_id=37"},"modified":"2021-01-05T12:38:10","modified_gmt":"2021-01-05T12:38:10","slug":"erklaerung-der-koalition","status":"publish","type":"page","link":"https:\/\/koalition-freieszeneffm.de\/?page_id=37","title":{"rendered":"Erkl\u00e4rung der Koalition"},"content":{"rendered":"\t\t<div data-elementor-type=\"wp-page\" data-elementor-id=\"37\" class=\"elementor elementor-37\">\n\t\t\t\t\t\t<section class=\"elementor-section elementor-top-section elementor-element elementor-element-5e9d8c34 elementor-section-content-middle elementor-section-boxed elementor-section-height-default elementor-section-height-default\" data-id=\"5e9d8c34\" data-element_type=\"section\" data-e-type=\"section\" data-settings=\"{&quot;background_background&quot;:&quot;classic&quot;}\">\n\t\t\t\t\t\t\t<div class=\"elementor-background-overlay\"><\/div>\n\t\t\t\t\t\t\t<div class=\"elementor-container elementor-column-gap-no\">\n\t\t\t\t\t<div class=\"elementor-column elementor-col-100 elementor-top-column elementor-element elementor-element-1a65060c\" data-id=\"1a65060c\" data-element_type=\"column\" data-e-type=\"column\">\n\t\t\t<div class=\"elementor-widget-wrap elementor-element-populated\">\n\t\t\t\t\t\t<div class=\"elementor-element elementor-element-3d6a0e80 elementor-widget elementor-widget-heading\" data-id=\"3d6a0e80\" data-element_type=\"widget\" data-e-type=\"widget\" data-widget_type=\"heading.default\">\n\t\t\t\t<div class=\"elementor-widget-container\">\n\t\t\t\t\t<h2 class=\"elementor-heading-title elementor-size-default\">Erkl\u00e4rung<\/h2>\t\t\t\t<\/div>\n\t\t\t\t<\/div>\n\t\t\t\t<section class=\"elementor-section elementor-inner-section elementor-element elementor-element-226ce455 elementor-section-boxed elementor-section-height-default elementor-section-height-default\" data-id=\"226ce455\" data-element_type=\"section\" data-e-type=\"section\">\n\t\t\t\t\t\t<div class=\"elementor-container elementor-column-gap-default\">\n\t\t\t\t\t<div class=\"elementor-column elementor-col-33 elementor-inner-column elementor-element elementor-element-18d7f7e3\" data-id=\"18d7f7e3\" data-element_type=\"column\" data-e-type=\"column\">\n\t\t\t<div class=\"elementor-widget-wrap elementor-element-populated\">\n\t\t\t\t\t\t<div class=\"elementor-element elementor-element-65d64dc9 elementor-widget-divider--view-line elementor-widget elementor-widget-divider\" data-id=\"65d64dc9\" data-element_type=\"widget\" data-e-type=\"widget\" data-widget_type=\"divider.default\">\n\t\t\t\t<div class=\"elementor-widget-container\">\n\t\t\t\t\t\t\t<div class=\"elementor-divider\">\n\t\t\t<span class=\"elementor-divider-separator\">\n\t\t\t\t\t\t<\/span>\n\t\t<\/div>\n\t\t\t\t\t\t<\/div>\n\t\t\t\t<\/div>\n\t\t\t\t\t<\/div>\n\t\t<\/div>\n\t\t\t\t<div class=\"elementor-column elementor-col-33 elementor-inner-column elementor-element elementor-element-407a7772\" data-id=\"407a7772\" data-element_type=\"column\" data-e-type=\"column\">\n\t\t\t<div class=\"elementor-widget-wrap elementor-element-populated\">\n\t\t\t\t\t\t<div class=\"elementor-element elementor-element-704cd8e5 elementor-widget elementor-widget-heading\" data-id=\"704cd8e5\" data-element_type=\"widget\" data-e-type=\"widget\" data-widget_type=\"heading.default\">\n\t\t\t\t<div class=\"elementor-widget-container\">\n\t\t\t\t\t<h3 class=\"elementor-heading-title elementor-size-default\">Der Koalition der Freien Szene<\/h3>\t\t\t\t<\/div>\n\t\t\t\t<\/div>\n\t\t\t\t\t<\/div>\n\t\t<\/div>\n\t\t\t\t<div class=\"elementor-column elementor-col-33 elementor-inner-column elementor-element elementor-element-508425f9\" data-id=\"508425f9\" data-element_type=\"column\" data-e-type=\"column\">\n\t\t\t<div class=\"elementor-widget-wrap elementor-element-populated\">\n\t\t\t\t\t\t<div class=\"elementor-element elementor-element-24718faa elementor-widget-divider--view-line elementor-widget elementor-widget-divider\" data-id=\"24718faa\" data-element_type=\"widget\" data-e-type=\"widget\" data-widget_type=\"divider.default\">\n\t\t\t\t<div class=\"elementor-widget-container\">\n\t\t\t\t\t\t\t<div class=\"elementor-divider\">\n\t\t\t<span class=\"elementor-divider-separator\">\n\t\t\t\t\t\t<\/span>\n\t\t<\/div>\n\t\t\t\t\t\t<\/div>\n\t\t\t\t<\/div>\n\t\t\t\t\t<\/div>\n\t\t<\/div>\n\t\t\t\t\t<\/div>\n\t\t<\/section>\n\t\t\t\t<div class=\"elementor-element elementor-element-627008c elementor-widget-divider--view-line elementor-widget elementor-widget-divider\" data-id=\"627008c\" data-element_type=\"widget\" data-e-type=\"widget\" data-widget_type=\"divider.default\">\n\t\t\t\t<div class=\"elementor-widget-container\">\n\t\t\t\t\t\t\t<div class=\"elementor-divider\">\n\t\t\t<span class=\"elementor-divider-separator\">\n\t\t\t\t\t\t<\/span>\n\t\t<\/div>\n\t\t\t\t\t\t<\/div>\n\t\t\t\t<\/div>\n\t\t\t\t<div class=\"elementor-element elementor-element-5237c84b elementor-widget elementor-widget-text-editor\" data-id=\"5237c84b\" data-element_type=\"widget\" data-e-type=\"widget\" data-widget_type=\"text-editor.default\">\n\t\t\t\t<div class=\"elementor-widget-container\">\n\t\t\t\t\t\t\t\t\t<p>Die Koalition der Freien Szene ist die selbstorganisierte politische Vertretung der freischaffenden K\u00fcnstler*innen in Frankfurt und Umgebung. Wir sind ein Zusammenschluss von K\u00fcnstler*innen, Initiativen und Institutionen, die jenseits der im \u00f6ffentlichen Auftrag agierenden Kultureinrichtungen arbeiten. Wir sind \u00fcberparteilich und unabh\u00e4ngig von \u00f6konomischen Interessen einzelner. Wir sind vielf\u00e4ltig, offen und international.<\/p><p align=\"justify\">Die Koalition der Freien Szene bietet einen Kontext, in dem gemeinsame kulturpolitische Ziele definiert werden k\u00f6nnen; zugleich ist sie ein Ort der solidarischen Vernetzung und der gegenseitigen Unterst\u00fctzung. Als K\u00fcnstler*innen, die in Bereichen wie den darstellenden K\u00fcnsten, bildender Kunst, Film, Musik, Literatur, Clubkultur und vielen anderen arbeiten, bewegen wir uns in heterogenen T\u00e4tigkeitsfeldern. Dennoch haben die Bedingungen, unter denen wir arbeiten und leben, Vieles gemeinsam. Die Koalition der Freien Szene formiert sich mit dem Ziel, den Anliegen freischaffender K\u00fcnstler*innen auch kulturpolitisch die Bedeutung zu verschaffen, die dem Gewicht unserer Arbeit im Kulturraum Frankfurt zukommt. Gemeinsam wollen wir unsere politischen und kreativen Kr\u00e4fte f\u00fcr unsere Belange b\u00fcndeln.<\/p>\t\t\t\t\t\t\t\t<\/div>\n\t\t\t\t<\/div>\n\t\t\t\t<div class=\"elementor-element elementor-element-669e9139 elementor-widget elementor-widget-text-editor\" data-id=\"669e9139\" data-element_type=\"widget\" data-e-type=\"widget\" data-widget_type=\"text-editor.default\">\n\t\t\t\t<div class=\"elementor-widget-container\">\n\t\t\t\t\t\t\t\t\t<p align=\"justify\">Kunst entsteht in Frankfurt nicht nur in einigen wenigen ausgew\u00e4hlten Leuchtt\u00fcrmen, sondern wird an unz\u00e4hligen unterschiedlichen Orten von den verschiedensten K\u00fcnstler*innen und Initiativen mitgestaltet. Die Freie Kulturszene realisiert Kunst in Ateliers und Atelierh\u00e4usern, nonkommerziellen Ausstellungsr\u00e4umen, freien Theaterorten, im \u00f6ffentliche Raum, ebenso wie Clubs, Programmkinos, Pop-up-Locations, Konzerts\u00e4len, kirchlichen und karitativen Einrichtungen und tempor\u00e4r bespielten Orten, um nur einige zu nennen. Die Spannweite an Organisationsformen reicht dabei von gewinnorientierten Kleinunternehmen \u00fcber staatlich gef\u00f6rderte Kunst bis hin zu unz\u00e4hligen Projekten, Ensembles und Initiativen, die ganz ohne oder nur mit marginaler F\u00f6rderung auskommen. Wir schaffen dabei eine sehr gro\u00dfe Bandbreite an Formaten, die die kulturelle Landschaft Frankfurts ungemein lebendig und spannend machen.<\/p><p align=\"justify\">Wir sind als freie K\u00fcnstler*innen Seismographen gesellschaftlicher Entwicklungen, machen diese fr\u00fchzeitig sichtbar und auf diese Weise reflektierbar. Damit erf\u00fcllen wir besonders in Zeiten gro\u00dfer gesellschaftlicher Herausforderungen eine wichtige gesellschaftspolitische Funktion. Die Vielfalt und Lebendigkeit der Frankfurter Kulturszene ist ein unabdingbarer N\u00e4hrboden unserer Gesellschaft.<\/p><p align=\"justify\">Bei Politik, Presse und \u00d6ffentlichkeit wird Kunst in Frankfurt dennoch in erster Linie mit den Institutionen der Repr\u00e4sentationskultur identifiziert. Wir wollen nicht gegen diese Kulturorte in \u00f6ffentlicher Tr\u00e4gerschaft argumentieren oder agieren. Sie sind auch f\u00fcr uns Orte der Zusammenarbeit und von hoher kultureller Bedeutung. Jedoch wenden wir uns gegen einen allzu verengten Kulturbegriff, der die gesellschaftliche Relevanz und kreative Kraft der Freien Szene systematisch untersch\u00e4tzt. Diese verengte Sichtweise schl\u00e4gt sich unter anderem in unverh\u00e4ltnism\u00e4\u00dfig unterschiedlicher F\u00f6rderung und einem unverh\u00e4ltnism\u00e4\u00dfig gewichteten \u00f6ffentlichen Bewusstsein nieder. Wir setzen uns daf\u00fcr ein, die Vielfalt der freien kulturellen Arbeit im Sinne der Zukunftsf\u00e4higkeit unserer Gesellschaft dauerhaft zu st\u00e4rken und gleichberechtigt zu den gro\u00dfen Kulturinstitutionen zu verankern.<\/p><p align=\"justify\">Ein wichtiges Ziel der Koalition ist daher, Sichtbarkeit f\u00fcr den Wert unserer Arbeit und unsere gesellschaftliche Bedeutung herzustellen. Au\u00dferdem setzen wir uns f\u00fcr eine angemessene und transparente F\u00f6rderung ein. Sei es, dass unsere Arbeitsbedingungen und M\u00f6glichkeiten verbessert werden, oder indem man bessere Finanzierungskonzepte erarbeitet.<\/p><p align=\"justify\">Wir wollen durch diese Schritte unseren Beitrag zu einer zukunftsorientierten Kulturpolitik leisten, die Frankfurt insgesamt st\u00e4rkt.<\/p><p align=\"justify\">Neben den kulturpolitischen Themen wollen wir uns auch f\u00fcr allgemeinpolitische Anliegen einsetzen, sofern sie die Belange freier K\u00fcnstler*innen betreffen. In diesem Zusammenhang stehen beispielsweise \u00fcberteuerte Wohnpreise, die dazu f\u00fchren, dass K\u00fcnstler*innen die Stadt verlassen m\u00fcssen, weil sich Wohnen und Arbeiten nicht mehr finanzieren lassen. Oder auch die \u00dcberregulierung des \u00f6ffentlichen Raumes, die unsere Arbeit durch B\u00fcrokratie und \u00fcberbordende Regularien erschwert, und auch der gesellschaftliche Rechtsruck als Bedrohung unserer k\u00fcnstlerischen Freiheit.<\/p><p align=\"justify\">Die Freie Szene ist Motor f\u00fcr urbanes und kreatives Leben in unserer Stadt und wir wollen uns unserer gesellschaftlichen Relevanz entsprechend \u00d6ffentlichkeit verschaffen. Wir wollen nicht mehr auf eine zukunftsweisende Kulturpolitik warten. Wir wollen stattdessen als starke, solidarische und interdisziplin\u00e4re Kulturszene mit unseren k\u00fcnstlerischen Arbeiten und Diskursen eine Stadt der Freir\u00e4ume und Kreativit\u00e4t jenseits des Mainstreams schaffen. Frankfurt soll Metropole der freien Szene werden, die nicht nur mit wenigen Leuchtt\u00fcrmen, sondern mit unz\u00e4hligen Lichtern strahlt.<\/p>\t\t\t\t\t\t\t\t<\/div>\n\t\t\t\t<\/div>\n\t\t\t\t<div class=\"elementor-element elementor-element-6b1f437 elementor-widget-divider--view-line elementor-widget elementor-widget-divider\" data-id=\"6b1f437\" data-element_type=\"widget\" data-e-type=\"widget\" data-widget_type=\"divider.default\">\n\t\t\t\t<div class=\"elementor-widget-container\">\n\t\t\t\t\t\t\t<div class=\"elementor-divider\">\n\t\t\t<span class=\"elementor-divider-separator\">\n\t\t\t\t\t\t<\/span>\n\t\t<\/div>\n\t\t\t\t\t\t<\/div>\n\t\t\t\t<\/div>\n\t\t\t\t\t<\/div>\n\t\t<\/div>\n\t\t\t\t\t<\/div>\n\t\t<\/section>\n\t\t\t\t<section class=\"elementor-section elementor-top-section elementor-element elementor-element-b5430b1 elementor-section-boxed elementor-section-height-default elementor-section-height-default\" data-id=\"b5430b1\" data-element_type=\"section\" data-e-type=\"section\">\n\t\t\t\t\t\t<div class=\"elementor-container elementor-column-gap-default\">\n\t\t\t\t\t<div class=\"elementor-column elementor-col-100 elementor-top-column elementor-element elementor-element-752d16c\" data-id=\"752d16c\" data-element_type=\"column\" data-e-type=\"column\">\n\t\t\t<div class=\"elementor-widget-wrap elementor-element-populated\">\n\t\t\t\t\t\t<div class=\"elementor-element elementor-element-e2b2243 elementor-widget elementor-widget-spacer\" data-id=\"e2b2243\" data-element_type=\"widget\" data-e-type=\"widget\" data-widget_type=\"spacer.default\">\n\t\t\t\t<div class=\"elementor-widget-container\">\n\t\t\t\t\t\t\t<div class=\"elementor-spacer\">\n\t\t\t<div class=\"elementor-spacer-inner\"><\/div>\n\t\t<\/div>\n\t\t\t\t\t\t<\/div>\n\t\t\t\t<\/div>\n\t\t\t\t<div class=\"elementor-element elementor-element-fd9b96b elementor-widget elementor-widget-heading\" data-id=\"fd9b96b\" data-element_type=\"widget\" data-e-type=\"widget\" data-widget_type=\"heading.default\">\n\t\t\t\t<div class=\"elementor-widget-container\">\n\t\t\t\t\t<h2 class=\"elementor-heading-title elementor-size-default\">Declaration<\/h2>\t\t\t\t<\/div>\n\t\t\t\t<\/div>\n\t\t\t\t<section class=\"elementor-section elementor-inner-section elementor-element elementor-element-d6555b6 elementor-section-boxed elementor-section-height-default elementor-section-height-default\" data-id=\"d6555b6\" data-element_type=\"section\" data-e-type=\"section\">\n\t\t\t\t\t\t<div class=\"elementor-container elementor-column-gap-default\">\n\t\t\t\t\t<div class=\"elementor-column elementor-col-33 elementor-inner-column elementor-element elementor-element-7334cd2\" data-id=\"7334cd2\" data-element_type=\"column\" data-e-type=\"column\">\n\t\t\t<div class=\"elementor-widget-wrap elementor-element-populated\">\n\t\t\t\t\t\t<div class=\"elementor-element elementor-element-e2ff628 elementor-widget-divider--view-line elementor-widget elementor-widget-divider\" data-id=\"e2ff628\" data-element_type=\"widget\" data-e-type=\"widget\" data-widget_type=\"divider.default\">\n\t\t\t\t<div class=\"elementor-widget-container\">\n\t\t\t\t\t\t\t<div class=\"elementor-divider\">\n\t\t\t<span class=\"elementor-divider-separator\">\n\t\t\t\t\t\t<\/span>\n\t\t<\/div>\n\t\t\t\t\t\t<\/div>\n\t\t\t\t<\/div>\n\t\t\t\t\t<\/div>\n\t\t<\/div>\n\t\t\t\t<div class=\"elementor-column elementor-col-33 elementor-inner-column elementor-element elementor-element-a7ae3c6\" data-id=\"a7ae3c6\" data-element_type=\"column\" data-e-type=\"column\">\n\t\t\t<div class=\"elementor-widget-wrap elementor-element-populated\">\n\t\t\t\t\t\t<div class=\"elementor-element elementor-element-586a1e3 elementor-widget elementor-widget-heading\" data-id=\"586a1e3\" data-element_type=\"widget\" data-e-type=\"widget\" data-widget_type=\"heading.default\">\n\t\t\t\t<div class=\"elementor-widget-container\">\n\t\t\t\t\t<h3 class=\"elementor-heading-title elementor-size-default\">of the Coalition of the independent scene<\/h3>\t\t\t\t<\/div>\n\t\t\t\t<\/div>\n\t\t\t\t\t<\/div>\n\t\t<\/div>\n\t\t\t\t<div class=\"elementor-column elementor-col-33 elementor-inner-column elementor-element elementor-element-3afccf8\" data-id=\"3afccf8\" data-element_type=\"column\" data-e-type=\"column\">\n\t\t\t<div class=\"elementor-widget-wrap elementor-element-populated\">\n\t\t\t\t\t\t<div class=\"elementor-element elementor-element-61d6740 elementor-widget-divider--view-line elementor-widget elementor-widget-divider\" data-id=\"61d6740\" data-element_type=\"widget\" data-e-type=\"widget\" data-widget_type=\"divider.default\">\n\t\t\t\t<div class=\"elementor-widget-container\">\n\t\t\t\t\t\t\t<div class=\"elementor-divider\">\n\t\t\t<span class=\"elementor-divider-separator\">\n\t\t\t\t\t\t<\/span>\n\t\t<\/div>\n\t\t\t\t\t\t<\/div>\n\t\t\t\t<\/div>\n\t\t\t\t\t<\/div>\n\t\t<\/div>\n\t\t\t\t\t<\/div>\n\t\t<\/section>\n\t\t\t\t<div class=\"elementor-element elementor-element-95e04bc elementor-widget-divider--view-line elementor-widget elementor-widget-divider\" data-id=\"95e04bc\" data-element_type=\"widget\" data-e-type=\"widget\" data-widget_type=\"divider.default\">\n\t\t\t\t<div class=\"elementor-widget-container\">\n\t\t\t\t\t\t\t<div class=\"elementor-divider\">\n\t\t\t<span class=\"elementor-divider-separator\">\n\t\t\t\t\t\t<\/span>\n\t\t<\/div>\n\t\t\t\t\t\t<\/div>\n\t\t\t\t<\/div>\n\t\t\t\t<div class=\"elementor-element elementor-element-8a73ea9 elementor-widget elementor-widget-text-editor\" data-id=\"8a73ea9\" data-element_type=\"widget\" data-e-type=\"widget\" data-widget_type=\"text-editor.default\">\n\t\t\t\t<div class=\"elementor-widget-container\">\n\t\t\t\t\t\t\t\t\t<p align=\"justify\"><span style=\"font-size: 17px; color: var( --e-global-color-text );\">The coalition of the independent scene is the self-organised political representation of freelance artists in Frankfurt and the surrounding area. We are a network of artists, initiatives and institutions that work beyond the cultural institutions acting on behalf of the public sector. We are non-partisan and independent of the economic interests of individuals. We are diverse, open and international.<\/span><\/p><p align=\"justify\"><span lang=\"en-GB\">The Coalition of the Independent Scene offers a context in which common cultural policy goals can be defined; at the same time, it is a place of solidarity-based networking and mutual support.<\/span><\/p><p align=\"justify\"><span lang=\"en-GB\">As artists working in fields such as the performing arts, visual arts, film, music, literature, club cultures and many others, we work in heterogeneous fields of activity. Nevertheless, the conditions under which we work and live have a lot in common. The coalition of the independent scene is formed with the aim of making the concerns of freelance artists more important from the cultural policy perspective of our work in the Frankfurt cultural area. Together we want to bundle our political and creative forces for our interests.<\/span><\/p><p align=\"justify\"><span lang=\"en-GB\">In Frankfurt, art is not only created in a few selected lighthouses but is also shaped by a wide variety of artists and initiatives at countless different locations. The independent cultural scene produces art in studios and studio houses, non-commercial exhibition spaces, independent theatre venues, in public spaces, as well as clubs, art-house cinemas, pop-up locations, concert halls, church and charitable institutions and temporary venues, to name but a few. The range of organisational forms extends from profit-oriented small businesses and state-funded art to countless projects, ensembles and initiatives that can be set up completely with marginal funding. We create a very wide range of formats that make Frankfurt&#8217;s cultural landscape incredibly lively and exciting.<\/span><\/p><p align=\"justify\"><span lang=\"en-GB\">As freelance artists, we are seismographs of social developments, making them visible at an early stage and thus making them reflective. In this way, we fulfil an important socio-political function, especially in times of great social challenges. The diversity and vitality of Frankfurt&#8217;s cultural scene is an indispensable breeding ground for our society.<\/span><\/p><p align=\"justify\"><span lang=\"en-GB\">Nevertheless, politics, the press and the public in Frankfurt identify art primarily with the institutions of representative culture. We do not want to argue or act against these cultural sites in public ownership. They are also places of cooperation and of great cultural importance for us. However, we decline a concept of culture that is too tight and that underestimates the social relevance and creative power of the independent scene systematically. This narrow view is reflected, among other things, in disproportionately different funding and a disproportionately weighted public awareness. We are committed to permanently strengthening the diversity of free cultural work in terms of the future viability of our society and equally anchoring it with the major cultural institutions.<\/span><\/p><p align=\"justify\"><span lang=\"en-GB\">An important goal of the coalition is therefore to create visibility for the value of our work and our social significance. We also advocate appropriate and transparent funding. Be it by improving our working conditions and opportunities, or by developing better finance concepts.<\/span><\/p><p align=\"justify\"><span lang=\"en-GB\">Through these steps, we want to make our contribution to a future-oriented cultural policy that will strengthen Frankfurt as a whole. In addition to cultural policy issues, we also want to support general political concerns as far as they concern the interests of independent artists. In this context, for example, issues involving high housing prices, which lead to artists having to leave the city because they can no longer afford to live and work. Or the overregulation of public space, which makes our work more difficult due to bureaucracy and excessive regulations, and also the social shift to the right as a threat to our artistic freedom. <\/span><\/p><p align=\"justify\"><span lang=\"en-GB\">The independent scene is the motor for urban and creative life in our city and we want to create publicity in line with our social relevance. We no longer want to wait for a future-orientated cultural policy. Instead, we want to create a city of freedom and creativity beyond the mainstream &#8211; being a strong, solidarity-based and interdisciplinary cultural scene with our artistic works and discourses. Frankfurt is to become a metropolis of the independent scene, shining not only with a few lighthouses but with countless lights.<\/span><\/p>\t\t\t\t\t\t\t\t<\/div>\n\t\t\t\t<\/div>\n\t\t\t\t<div class=\"elementor-element elementor-element-197963c elementor-widget-divider--view-line elementor-widget elementor-widget-divider\" data-id=\"197963c\" data-element_type=\"widget\" data-e-type=\"widget\" data-widget_type=\"divider.default\">\n\t\t\t\t<div class=\"elementor-widget-container\">\n\t\t\t\t\t\t\t<div class=\"elementor-divider\">\n\t\t\t<span class=\"elementor-divider-separator\">\n\t\t\t\t\t\t<\/span>\n\t\t<\/div>\n\t\t\t\t\t\t<\/div>\n\t\t\t\t<\/div>\n\t\t\t\t\t<\/div>\n\t\t<\/div>\n\t\t\t\t\t<\/div>\n\t\t<\/section>\n\t\t\t\t<\/div>\n\t\t","protected":false},"excerpt":{"rendered":"<p>Erkl\u00e4rung Der Koalition der Freien Szene Die Koalition der Freien Szene ist die selbstorganisierte politische Vertretung der freischaffenden K\u00fcnstler*innen in Frankfurt und Umgebung. Wir sind ein Zusammenschluss von K\u00fcnstler*innen, Initiativen und Institutionen, die jenseits der im \u00f6ffentlichen Auftrag agierenden Kultureinrichtungen arbeiten. Wir sind \u00fcberparteilich und unabh\u00e4ngig von \u00f6konomischen Interessen einzelner. Wir sind vielf\u00e4ltig, offen und [&hellip;]<\/p>\n","protected":false},"author":1,"featured_media":0,"parent":0,"menu_order":0,"comment_status":"closed","ping_status":"closed","template":"","meta":{"ocean_post_layout":"full-screen","ocean_both_sidebars_style":"","ocean_both_sidebars_content_width":0,"ocean_both_sidebars_sidebars_width":0,"ocean_sidebar":"0","ocean_second_sidebar":"0","ocean_disable_margins":"enable","ocean_add_body_class":"","ocean_shortcode_before_top_bar":"","ocean_shortcode_after_top_bar":"","ocean_shortcode_before_header":"","ocean_shortcode_after_header":"","ocean_has_shortcode":"","ocean_shortcode_after_title":"","ocean_shortcode_before_footer_widgets":"","ocean_shortcode_after_footer_widgets":"","ocean_shortcode_before_footer_bottom":"","ocean_shortcode_after_footer_bottom":"","ocean_display_top_bar":"off","ocean_display_header":"on","ocean_header_style":"","ocean_center_header_left_menu":"0","ocean_custom_header_template":"0","ocean_custom_logo":0,"ocean_custom_retina_logo":0,"ocean_custom_logo_max_width":0,"ocean_custom_logo_tablet_max_width":0,"ocean_custom_logo_mobile_max_width":0,"ocean_custom_logo_max_height":0,"ocean_custom_logo_tablet_max_height":0,"ocean_custom_logo_mobile_max_height":0,"ocean_header_custom_menu":"0","ocean_menu_typo_font_family":"0","ocean_menu_typo_font_subset":"","ocean_menu_typo_font_size":0,"ocean_menu_typo_font_size_tablet":0,"ocean_menu_typo_font_size_mobile":0,"ocean_menu_typo_font_size_unit":"px","ocean_menu_typo_font_weight":"","ocean_menu_typo_font_weight_tablet":"","ocean_menu_typo_font_weight_mobile":"","ocean_menu_typo_transform":"","ocean_menu_typo_transform_tablet":"","ocean_menu_typo_transform_mobile":"","ocean_menu_typo_line_height":0,"ocean_menu_typo_line_height_tablet":0,"ocean_menu_typo_line_height_mobile":0,"ocean_menu_typo_line_height_unit":"","ocean_menu_typo_spacing":0,"ocean_menu_typo_spacing_tablet":0,"ocean_menu_typo_spacing_mobile":0,"ocean_menu_typo_spacing_unit":"","ocean_menu_link_color":"","ocean_menu_link_color_hover":"","ocean_menu_link_color_active":"","ocean_menu_link_background":"","ocean_menu_link_hover_background":"","ocean_menu_link_active_background":"","ocean_menu_social_links_bg":"","ocean_menu_social_hover_links_bg":"","ocean_menu_social_links_color":"","ocean_menu_social_hover_links_color":"","ocean_disable_title":"on","ocean_disable_heading":"default","ocean_post_title":"","ocean_post_subheading":"","ocean_post_title_style":"","ocean_post_title_background_color":"","ocean_post_title_background":0,"ocean_post_title_bg_image_position":"","ocean_post_title_bg_image_attachment":"","ocean_post_title_bg_image_repeat":"","ocean_post_title_bg_image_size":"","ocean_post_title_height":0,"ocean_post_title_bg_overlay":0.5,"ocean_post_title_bg_overlay_color":"","ocean_disable_breadcrumbs":"default","ocean_breadcrumbs_color":"","ocean_breadcrumbs_separator_color":"","ocean_breadcrumbs_links_color":"","ocean_breadcrumbs_links_hover_color":"","ocean_display_footer_widgets":"default","ocean_display_footer_bottom":"default","ocean_custom_footer_template":"0","footnotes":""},"class_list":["post-37","page","type-page","status-publish","hentry","entry"],"_links":{"self":[{"href":"https:\/\/koalition-freieszeneffm.de\/index.php?rest_route=\/wp\/v2\/pages\/37","targetHints":{"allow":["GET"]}}],"collection":[{"href":"https:\/\/koalition-freieszeneffm.de\/index.php?rest_route=\/wp\/v2\/pages"}],"about":[{"href":"https:\/\/koalition-freieszeneffm.de\/index.php?rest_route=\/wp\/v2\/types\/page"}],"author":[{"embeddable":true,"href":"https:\/\/koalition-freieszeneffm.de\/index.php?rest_route=\/wp\/v2\/users\/1"}],"replies":[{"embeddable":true,"href":"https:\/\/koalition-freieszeneffm.de\/index.php?rest_route=%2Fwp%2Fv2%2Fcomments&post=37"}],"version-history":[{"count":15,"href":"https:\/\/koalition-freieszeneffm.de\/index.php?rest_route=\/wp\/v2\/pages\/37\/revisions"}],"predecessor-version":[{"id":1196,"href":"https:\/\/koalition-freieszeneffm.de\/index.php?rest_route=\/wp\/v2\/pages\/37\/revisions\/1196"}],"wp:attachment":[{"href":"https:\/\/koalition-freieszeneffm.de\/index.php?rest_route=%2Fwp%2Fv2%2Fmedia&parent=37"}],"curies":[{"name":"wp","href":"https:\/\/api.w.org\/{rel}","templated":true}]}}